{"id":54,"date":"2020-09-01T10:45:01","date_gmt":"2020-09-01T10:45:01","guid":{"rendered":"https:\/\/inverfin.ca\/publications\/"},"modified":"2023-10-07T19:17:47","modified_gmt":"2023-10-07T23:17:47","slug":"contacto","status":"publish","type":"page","link":"https:\/\/inverfin.ca\/fr\/contacto\/","title":{"rendered":"Contact"},"content":{"rendered":"<div class=\"wp-block-uagb-container uagb-block-f01f8859 alignfull uagb-is-root-container\"><div class=\"uagb-container-inner-blocks-wrap\">\n<div class=\"wp-block-uagb-container uagb-block-7c441a92\">\n<div class=\"wp-block-uagb-info-box uagb-block-9f0db381 uagb-infobox__content-wrap  uagb-infobox-icon-above-title uagb-infobox-image-valign-top\"><div class=\"uagb-ifb-content\"><div class=\"uagb-ifb-image-content\"><img decoding=\"async\" src=\"https:\/\/inverfin.ca\/wp-content\/uploads\/2023\/07\/cropped-INVERFIN-INC-Logo-e1690343065809-300x48.png\" alt=\"\" width=\"120\" height=\"19\" loading=\"lazy\"\/><\/div><div class=\"uagb-ifb-title-wrap\"><h2 class=\"uagb-ifb-title\">Contact<\/h2><\/div><\/div><\/div>\n<\/div>\n<\/div><\/div>\n\n\n\n<div class=\"wp-block-uagb-container uagb-block-b3796422 alignfull uagb-is-root-container\"><div class=\"uagb-container-inner-blocks-wrap\">\n<div class=\"wp-block-uagb-container uagb-block-5564c9ad\">\n<div class=\"wp-block-uagb-advanced-heading uagb-block-55791a22\"><h3 class=\"uagb-heading-text\">professionnel sp\u00e9cialis\u00e9\u00a0<br>Azucena Garcia<\/h3><\/div>\n\n\n\n<div class=\"wp-block-uagb-advanced-heading uagb-block-a5a8dffe\"><h2 class=\"uagb-heading-text\">Inverfin Inc.<\/h2><div class=\"uagb-separator\"><\/div><\/div>\n\n\n\n<p class=\"has-large-font-size\">6863 Rue St-Hubert<br>Bureau 201, <br>Montr\u00e9al, Qu\u00e9bec <br>H2S 2M7<\/p>\n<\/div>\n\n\n\n<iframe src=\"https:\/\/www.google.com\/maps\/embed?pb=!1m18!1m12!1m3!1d1294.7105173428313!2d-73.6101546849371!3d45.53873422827833!2m3!1f0!2f0!3f0!3m2!1i1024!2i768!4f13.1!3m3!1m2!1s0x4cc91eb05db874c9%3A0x29993a480725d39!2sInverfin%20Inc!5e0!3m2!1sen!2sca!4v1694992773389!5m2!1sen!2sca\" width=\"800\" height=\"600\" style=\"border:0;\" allowfullscreen=\"\" loading=\"lazy\" referrerpolicy=\"no-referrer-when-downgrade\"><\/iframe>\n<\/div><\/div>\n\n\n\n<div class=\"wp-block-uagb-container uagb-block-8019afac alignfull uagb-is-root-container\"><div class=\"uagb-container-inner-blocks-wrap\">\n<div class=\"wp-block-uagb-container uagb-block-fe717534\">\n<div class=\"wp-block-uagb-container uagb-block-2a49b6cd\">\n<div class=\"wp-block-uagb-container uagb-block-965006ec\">\n<p class=\"has-text-align-center has-vivid-red-color has-ast-global-color-5-background-color has-text-color has-background has-large-font-size\">T\u00e9l\u00e9phones<br><br>(514) 312-3265<br><br>(514) 587-8404<br><br>(514) 699-8654<\/p>\n<\/div>\n<\/div>\n<\/div>\n\n\n\n<div class=\"wp-block-uagb-container uagb-block-cdab1491\">\n<p class=\"has-text-align-center has-ast-global-color-5-background-color has-background has-large-font-size\">Horaires<br><br>Du lundi au vendredi<br>11h00 - 18h00<br><br>Samedi<br>11h00 -15h00<\/p>\n<\/div>\n<\/div><\/div>","protected":false},"excerpt":{"rendered":"<p>Azucena Garcia Inverfin Inc. 6863 Rue St-HubertBureau 201, Montr\u00e9al, Qu\u00e9bec H2S 2M7 T\u00e9l\u00e9phone (514) 312-3265 (514) 587-8404 (514) 699-8654 Heures d'ouverture Lundi au vendredi 11h00 - 18h00 Samedi 11h00 -15h00<\/p>","protected":false},"author":1,"featured_media":0,"parent":0,"menu_order":0,"comment_status":"closed","ping_status":"closed","template":"","meta":{"_uag_custom_page_level_css":"","site-sidebar-layout":"default","site-content-layout":"plain-container","ast-site-content-layout":"normal-width-container","site-content-style":"unboxed","site-sidebar-style":"unboxed","ast-global-header-display":"","ast-banner-title-visibility":"","ast-main-header-display":"","ast-hfb-above-header-display":"","ast-hfb-below-header-display":"","ast-hfb-mobile-header-display":"","site-post-title":"disabled","ast-breadcrumbs-content":"","ast-featured-img":"","footer-sml-layout":"","theme-transparent-header-meta":"default","adv-header-id-meta":"","stick-header-meta":"","header-above-stick-meta":"","header-main-stick-meta":"","header-below-stick-meta":"","astra-migrate-meta-layouts":"set","ast-page-background-enabled":"default","ast-page-background-meta":{"desktop":{"background-color":"","background-image":"","background-repeat":"repeat","background-position":"center center","background-size":"auto","background-attachment":"scroll","background-type":"","background-media":"","overlay-type":"","overlay-color":"","overlay-gradient":""},"tablet":{"background-color":"","background-image":"","background-repeat":"repeat","background-position":"center center","background-size":"auto","background-attachment":"scroll","background-type":"","background-media":"","overlay-type":"","overlay-color":"","overlay-gradient":""},"mobile":{"background-color":"","background-image":"","background-repeat":"repeat","background-position":"center center","background-size":"auto","background-attachment":"scroll","background-type":"","background-media":"","overlay-type":"","overlay-color":"","overlay-gradient":""}},"ast-content-background-meta":{"desktop":{"background-color":"var(--ast-global-color-5)","background-image":"","background-repeat":"repeat","background-position":"center center","background-size":"auto","background-attachment":"scroll","background-type":"","background-media":"","overlay-type":"","overlay-color":"","overlay-gradient":""},"tablet":{"background-color":"var(--ast-global-color-5)","background-image":"","background-repeat":"repeat","background-position":"center center","background-size":"auto","background-attachment":"scroll","background-type":"","background-media":"","overlay-type":"","overlay-color":"","overlay-gradient":""},"mobile":{"background-color":"var(--ast-global-color-5)","background-image":"","background-repeat":"repeat","background-position":"center center","background-size":"auto","background-attachment":"scroll","background-type":"","background-media":"","overlay-type":"","overlay-color":"","overlay-gradient":""}},"footnotes":""},"class_list":["post-54","page","type-page","status-publish","hentry"],"uagb_featured_image_src":{"full":false,"thumbnail":false,"medium":false,"medium_large":false,"large":false,"1536x1536":false,"2048x2048":false,"trp-custom-language-flag":false},"uagb_author_info":{"display_name":"Inverfin.Inc","author_link":"https:\/\/inverfin.ca\/fr\/author\/etogrqmy\/"},"uagb_comment_info":0,"uagb_excerpt":"profesional especializada\u00a0Azucena Garcia Inverfin Inc. 6863 Rue St-HubertOficina 201, Montreal, Quebec H2S 2M7 Tel\u00e9fonos (514) 312-3265 (514) 587-8404 (514) 699-8654 Horarios Lunes a Viernes11h00 &#8211; 18h00 S\u00e1bado11h00 -15h00","_links":{"self":[{"href":"https:\/\/inverfin.ca\/fr\/wp-json\/wp\/v2\/pages\/54","targetHints":{"allow":["GET"]}}],"collection":[{"href":"https:\/\/inverfin.ca\/fr\/wp-json\/wp\/v2\/pages"}],"about":[{"href":"https:\/\/inverfin.ca\/fr\/wp-json\/wp\/v2\/types\/page"}],"author":[{"embeddable":true,"href":"https:\/\/inverfin.ca\/fr\/wp-json\/wp\/v2\/users\/1"}],"replies":[{"embeddable":true,"href":"https:\/\/inverfin.ca\/fr\/wp-json\/wp\/v2\/comments?post=54"}],"version-history":[{"count":7,"href":"https:\/\/inverfin.ca\/fr\/wp-json\/wp\/v2\/pages\/54\/revisions"}],"predecessor-version":[{"id":1098,"href":"https:\/\/inverfin.ca\/fr\/wp-json\/wp\/v2\/pages\/54\/revisions\/1098"}],"wp:attachment":[{"href":"https:\/\/inverfin.ca\/fr\/wp-json\/wp\/v2\/media?parent=54"}],"curies":[{"name":"wp","href":"https:\/\/api.w.org\/{rel}","templated":true}]}}