{"id":52,"date":"2020-09-01T10:45:16","date_gmt":"2020-09-01T10:45:16","guid":{"rendered":"https:\/\/inverfin.ca\/about-me\/"},"modified":"2023-10-07T19:38:16","modified_gmt":"2023-10-07T23:38:16","slug":"acerca-de","status":"publish","type":"page","link":"https:\/\/inverfin.ca\/fr\/acerca-de\/","title":{"rendered":"A propos de"},"content":{"rendered":"<div class=\"wp-block-uagb-container uagb-block-e21b38fd alignfull uagb-is-root-container\"><div class=\"uagb-container-inner-blocks-wrap\">\n<div class=\"wp-block-uagb-info-box uagb-block-e08e57a7 uagb-infobox__content-wrap  uagb-infobox-icon-above-title uagb-infobox-image-valign-top\"><div class=\"uagb-ifb-content\"><div class=\"uagb-ifb-image-content\"><img decoding=\"async\" src=\"https:\/\/inverfin.ca\/wp-content\/uploads\/2023\/07\/cropped-INVERFIN-INC-Logo-e1690343065809-300x48.png\" alt=\"\" width=\"120\" height=\"19\" loading=\"lazy\"\/><\/div><div class=\"uagb-ifb-title-wrap\"><h2 class=\"uagb-ifb-title\">Qui sommes-nous ?<\/h2><\/div><\/div><\/div>\n\n\n\n<div class=\"wp-block-uagb-container uagb-block-a19cd3fc\">\n<div class=\"wp-block-uagb-info-box uagb-block-373c2a10 uagb-infobox__content-wrap  uagb-infobox-icon-above-title uagb-infobox-image-valign-top\"><div class=\"uagb-ifb-content\"><div class=\"uagb-ifb-title-wrap\"><h1 class=\"uagb-ifb-title\">La chose la plus importante pour Inverfin Inc.<\/h1><\/div><p class=\"uagb-ifb-desc\">Satisfaire la demande de mani\u00e8re correcte, \u00e9quitable, professionnelle et impartiale, en appliquant des techniques innovantes et en contribuant \u00e0 l'am\u00e9lioration de ces techniques lorsqu'elles sont appliqu\u00e9es au d\u00e9veloppement du travail.<\/p><\/div><\/div>\n<\/div>\n\n\n\n<p class=\"has-ast-global-color-1-color has-text-color has-large-font-size\">VISION<\/p>\n\n\n\n<p class=\"has-medium-font-size\">Couvrir les besoins de conseil en mati\u00e8re de gestion d'une entreprise, qu'elle soit constitu\u00e9e en soci\u00e9t\u00e9, individuelle ou collective, de pr\u00e9paration des imp\u00f4ts, d'\u00e9tablissement des salaires et autres.<\/p>\n\n\n\n<p><\/p>\n<\/div><\/div>\n\n\n\n<div class=\"wp-block-uagb-container uagb-block-6eb1a481 alignfull uagb-is-root-container\"><div class=\"uagb-container-inner-blocks-wrap\">\n<div class=\"wp-block-uagb-container uagb-block-99c9473c\">\n<div class=\"wp-block-columns is-layout-flex wp-container-core-columns-is-layout-28f84493 wp-block-columns-is-layout-flex\">\n<div class=\"wp-block-column is-layout-flow wp-block-column-is-layout-flow\" style=\"flex-basis:100%\">\n<div class=\"wp-block-uagb-info-box uagb-block-60790e00 uagb-infobox__content-wrap  uagb-infobox-icon-above-title uagb-infobox-image-valign-top\"><div class=\"uagb-ifb-content\"><div class=\"uagb-ifb-title-wrap\"><h2 class=\"uagb-ifb-title\">Azucena Garcia<\/h2><\/div><div class=\"uagb-ifb-separator\"><\/div><p class=\"uagb-ifb-desc\">Il a fond\u00e9 Inverfin.Inc \u00e0 Montr\u00e9al (Canada) le 9 ao\u00fbt 2005, dans le but de fournir des services de conseil dans divers domaines, principalement dans les domaines de la finance, de la gestion d'entreprise, de la comptabilit\u00e9, de la fiscalit\u00e9 des particuliers et des entreprises.<\/p><\/div><\/div>\n<\/div>\n<\/div>\n<\/div>\n<\/div><\/div>\n\n\n\n<div class=\"wp-block-uagb-container uagb-block-0a07a4a8 alignfull uagb-is-root-container\"><div class=\"uagb-container-inner-blocks-wrap\">\n<div class=\"wp-block-uagb-container uagb-block-95dfc7fa\">\n<div class=\"wp-block-uagb-info-box uagb-block-2f274219 uagb-infobox__content-wrap  uagb-infobox-icon-above-title uagb-infobox-image-valign-top\"><div class=\"uagb-ifb-content\"><div class=\"uagb-ifb-image-content\"><img decoding=\"async\" src=\"https:\/\/inverfin.ca\/wp-content\/uploads\/2023\/09\/Untitled-design-1.png\" alt=\"\" width=\"200\" height=\"200\" loading=\"lazy\"\/><\/div><div class=\"uagb-ifb-title-wrap\"><h4 class=\"uagb-ifb-title\">Exp\u00e9rience professionnelle <br>\u00e0 Lima au P\u00e9rou et au Canada<\/h4><\/div><\/div><\/div>\n<\/div>\n\n\n\n<div class=\"wp-block-uagb-container uagb-block-6eafc2dc\">\n<div class=\"wp-block-uagb-info-box uagb-block-c90db8b0 uagb-infobox__content-wrap  uagb-infobox-icon-above-title uagb-infobox-image-valign-top\"><div class=\"uagb-ifb-content\"><div class=\"uagb-ifb-image-content\"><img decoding=\"async\" src=\"https:\/\/inverfin.ca\/wp-content\/uploads\/2023\/09\/8.png\" alt=\"\" width=\"200\" height=\"200\" loading=\"lazy\"\/><\/div><div class=\"uagb-ifb-title-wrap\"><h4 class=\"uagb-ifb-title\">Auteur<\/h4><\/div><\/div><\/div>\n<\/div>\n\n\n\n<div class=\"wp-block-uagb-container uagb-block-7498f927\">\n<div class=\"wp-block-uagb-info-box uagb-block-56a18f87 uagb-infobox__content-wrap  uagb-infobox-icon-above-title uagb-infobox-image-valign-top\"><div class=\"uagb-ifb-content\"><div class=\"uagb-ifb-image-content\"><img decoding=\"async\" src=\"https:\/\/inverfin.ca\/wp-content\/uploads\/2023\/09\/1-2.png\" alt=\"\" width=\"200\" height=\"200\" loading=\"lazy\"\/><\/div><div class=\"uagb-ifb-title-wrap\"><h4 class=\"uagb-ifb-title\">Commissaire \u00e0 l'assermentation<\/h4><\/div><\/div><\/div>\n<\/div>\n<\/div><\/div>\n\n\n\n<div class=\"wp-block-columns is-layout-flex wp-container-core-columns-is-layout-28f84493 wp-block-columns-is-layout-flex\">\n<div class=\"wp-block-column is-layout-flow wp-block-column-is-layout-flow\">\n<div class=\"wp-block-uagb-advanced-heading uagb-block-e74054ac\"><h2 class=\"uagb-heading-text\">Livres<\/h2><\/div>\n\n\n\n<div class=\"wp-block-uagb-call-to-action uagb-block-1c08d9a6 wp-block-button\"><div class=\"uagb-cta__wrap\"><h3 class=\"uagb-cta__title\">Manuel d'\u00e9valuation des entreprises, des biens incorporels, des dommages et de l'environnement<\/h3><p class=\"uagb-cta__desc\">Le premier guide de ce type pour l'\u00e9valuation des entreprises en cours et des actifs incorporels, y compris les m\u00e9thodes de calcul des dommages et la valeur de l'environnement.<br><br>Un glossaire des termes \u00e9conomiques en anglais et en espagnol est \u00e9galement disponible.<\/p><\/div><div class=\"uagb-cta__buttons\"><a href=\"https:\/\/www.amazon.ca\/Valuaci%C3%B3n-Negocios-Intangibles-Perjuicios-Ambiente\/dp\/1777148634\/ref=sr_1_1?crid=UI5QV5PIPCN4&amp;keywords=manual+de+valuacion+de+negocios&amp;qid=1696720507&amp;sprefix=manua+de+valuacion+de+negocios%2Caps%2C69&amp;sr=8-1\" class=\"uagb-cta__button-link-wrapper wp-block-button__link\" target=\"_blank\" rel=\"noopener noreferrer\">ACHETER ICI <\/a><\/div><\/div>\n<\/div>\n\n\n\n<div class=\"wp-block-column is-layout-flow wp-block-column-is-layout-flow\">\n<div class=\"wp-block-uagb-image uagb-block-03d1a679 wp-block-uagb-image--layout-default wp-block-uagb-image--effect-static wp-block-uagb-image--align-none\"><figure class=\"wp-block-uagb-image__figure\"><img decoding=\"async\" srcset=\"https:\/\/inverfin.ca\/wp-content\/uploads\/2023\/10\/Book-1-1024x1024.png \" sizes=\"auto, (max-width: 480px) 150px\" src=\"https:\/\/inverfin.ca\/wp-content\/uploads\/2023\/10\/Book-1-1024x1024.png\" alt=\"\" class=\"uag-image-1095\" width=\"1024\" height=\"1024\" title=\"\" loading=\"lazy\"\/><\/figure><\/div>\n<\/div>\n<\/div>\n\n\n\n<div class=\"wp-block-uagb-container uagb-block-d71f0ada alignfull uagb-is-root-container\"><div class=\"uagb-container-inner-blocks-wrap\">\n<div class=\"wp-block-uagb-container uagb-block-2acb871c\">\n<div class=\"wp-block-uagb-image aligncenter uagb-block-2bcd5f2b wp-block-uagb-image--layout-default wp-block-uagb-image--effect-static wp-block-uagb-image--align-center alignleft\"><figure class=\"wp-block-uagb-image__figure\"><img decoding=\"async\" srcset=\"https:\/\/inverfin.ca\/wp-content\/uploads\/2023\/09\/star-1-1024x1024.png \" sizes=\"auto, (max-width: 480px) 150px\" src=\"https:\/\/inverfin.ca\/wp-content\/uploads\/2023\/09\/star-1-1024x1024.png\" alt=\"\" class=\"uag-image-1034\" width=\"164\" height=\"134\" title=\"\" loading=\"lazy\"\/><\/figure><\/div>\n\n\n\n<div class=\"wp-block-uagb-info-box uagb-block-e8f2fe34 uagb-infobox__content-wrap  uagb-infobox-icon-above-title uagb-infobox-image-valign-top\"><div class=\"uagb-ifb-content\"><div class=\"uagb-ifb-title-wrap\"><h2 class=\"uagb-ifb-title\">Mes clients<\/h2><\/div><\/div><\/div>\n<\/div>\n\n\n\n<div class=\"wp-block-uagb-container uagb-block-e7962798\">\n<div class=\"wp-block-uagb-container uagb-block-17ff199e\">\n<div class=\"wp-block-uagb-testimonial uagb-slick-carousel uagb-tm__arrow-outside uagb-block-26e5afd2 uagb-post__carousel_notset uagb-post__carousel_notset-tablet uagb-post__carousel_notset-mobile\"><div class=\"is-carousel uagb-tm__columns-1 uagb-tm__items\"><div class=\"uagb-testimonial__wrap  uagb-tm__imgicon-style-circle uagb-tm__image-position-bottom uagb-tm__bg-type-none\"><div class=\"uagb-tm__content\"><div class=\"uagb-tm__overlay\"><\/div><div class=\"uagb-tm__text-wrap\"><div class=\"uagb-tm__desc\"><br>Tr\u00e8s bon service, Azucena toujours tr\u00e8s attentive et r\u00e9pondant toujours \u00e0 toutes mes questions. Je les recommande !<\/div><div class=\"uagb-tm__meta-inner\"><div class=\"uagb-tm__image-content\"><div class=\"uagb-tm__image\"><img decoding=\"async\" class=\"uagb-tm-img-src\" src=\"https:\/\/inverfin.ca\/wp-content\/uploads\/2023\/09\/62-1-150x150.png\" alt=\"\" width=\"60\" height=\"60\" loading=\"lazy\"\/><\/div><\/div><div class=\"uagb-testimonial-details\"><span class=\"uagb-tm__author-name\">Cindy Rios <\/span><span class=\"uagb-tm__company\"><\/span><\/div><\/div><\/div><\/div><\/div><\/div><\/div>\n<\/div>\n<\/div>\n<\/div><\/div>","protected":false},"excerpt":{"rendered":"<p>VISION Couvrir les besoins en mati\u00e8re de conseil, en termes de gestion d'une entreprise, qu'elle soit constitu\u00e9e en soci\u00e9t\u00e9, individuelle ou collective, de pr\u00e9paration des imp\u00f4ts, d'\u00e9tablissement des salaires et autres. Livres<\/p>","protected":false},"author":1,"featured_media":0,"parent":0,"menu_order":0,"comment_status":"closed","ping_status":"closed","template":"","meta":{"_uag_custom_page_level_css":"","site-sidebar-layout":"default","site-content-layout":"plain-container","ast-site-content-layout":"normal-width-container","site-content-style":"unboxed","site-sidebar-style":"unboxed","ast-global-header-display":"","ast-banner-title-visibility":"","ast-main-header-display":"","ast-hfb-above-header-display":"","ast-hfb-below-header-display":"","ast-hfb-mobile-header-display":"","site-post-title":"disabled","ast-breadcrumbs-content":"","ast-featured-img":"","footer-sml-layout":"","theme-transparent-header-meta":"default","adv-header-id-meta":"","stick-header-meta":"","header-above-stick-meta":"","header-main-stick-meta":"","header-below-stick-meta":"","astra-migrate-meta-layouts":"set","ast-page-background-enabled":"default","ast-page-background-meta":{"desktop":{"background-color":"","background-image":"","background-repeat":"repeat","background-position":"center center","background-size":"auto","background-attachment":"scroll","background-type":"","background-media":"","overlay-type":"","overlay-color":"","overlay-gradient":""},"tablet":{"background-color":"","background-image":"","background-repeat":"repeat","background-position":"center center","background-size":"auto","background-attachment":"scroll","background-type":"","background-media":"","overlay-type":"","overlay-color":"","overlay-gradient":""},"mobile":{"background-color":"","background-image":"","background-repeat":"repeat","background-position":"center center","background-size":"auto","background-attachment":"scroll","background-type":"","background-media":"","overlay-type":"","overlay-color":"","overlay-gradient":""}},"ast-content-background-meta":{"desktop":{"background-color":"var(--ast-global-color-5)","background-image":"","background-repeat":"repeat","background-position":"center center","background-size":"auto","background-attachment":"scroll","background-type":"","background-media":"","overlay-type":"","overlay-color":"","overlay-gradient":""},"tablet":{"background-color":"var(--ast-global-color-5)","background-image":"","background-repeat":"repeat","background-position":"center center","background-size":"auto","background-attachment":"scroll","background-type":"","background-media":"","overlay-type":"","overlay-color":"","overlay-gradient":""},"mobile":{"background-color":"var(--ast-global-color-5)","background-image":"","background-repeat":"repeat","background-position":"center center","background-size":"auto","background-attachment":"scroll","background-type":"","background-media":"","overlay-type":"","overlay-color":"","overlay-gradient":""}},"footnotes":""},"class_list":["post-52","page","type-page","status-publish","hentry"],"uagb_featured_image_src":{"full":false,"thumbnail":false,"medium":false,"medium_large":false,"large":false,"1536x1536":false,"2048x2048":false,"trp-custom-language-flag":false},"uagb_author_info":{"display_name":"Inverfin.Inc","author_link":"https:\/\/inverfin.ca\/fr\/author\/etogrqmy\/"},"uagb_comment_info":0,"uagb_excerpt":"VISI\u00d3N Cubrir las necesidades de consultor\u00eda, en t\u00e9rminos de &nbsp;gestionar una empresa, ya sea incorporada o individual o colectiva, preparaci\u00f3n de impuestos, elaborar salarios y otros. Libros","_links":{"self":[{"href":"https:\/\/inverfin.ca\/fr\/wp-json\/wp\/v2\/pages\/52","targetHints":{"allow":["GET"]}}],"collection":[{"href":"https:\/\/inverfin.ca\/fr\/wp-json\/wp\/v2\/pages"}],"about":[{"href":"https:\/\/inverfin.ca\/fr\/wp-json\/wp\/v2\/types\/page"}],"author":[{"embeddable":true,"href":"https:\/\/inverfin.ca\/fr\/wp-json\/wp\/v2\/users\/1"}],"replies":[{"embeddable":true,"href":"https:\/\/inverfin.ca\/fr\/wp-json\/wp\/v2\/comments?post=52"}],"version-history":[{"count":20,"href":"https:\/\/inverfin.ca\/fr\/wp-json\/wp\/v2\/pages\/52\/revisions"}],"predecessor-version":[{"id":1106,"href":"https:\/\/inverfin.ca\/fr\/wp-json\/wp\/v2\/pages\/52\/revisions\/1106"}],"wp:attachment":[{"href":"https:\/\/inverfin.ca\/fr\/wp-json\/wp\/v2\/media?parent=52"}],"curies":[{"name":"wp","href":"https:\/\/api.w.org\/{rel}","templated":true}]}}