{"id":1111,"date":"2024-02-03T21:24:00","date_gmt":"2024-02-04T01:24:00","guid":{"rendered":"https:\/\/inverfin.ca\/?page_id=1111"},"modified":"2024-02-04T21:34:50","modified_gmt":"2024-02-05T01:34:50","slug":"blog","status":"publish","type":"page","link":"https:\/\/inverfin.ca\/fr\/blog\/","title":{"rendered":"Blog"},"content":{"rendered":"<div class=\"wp-block-uagb-container uagb-block-e5cd6116 alignfull uagb-is-root-container\"><div class=\"uagb-container-inner-blocks-wrap\">\n<div class=\"wp-block-uagb-advanced-heading uagb-block-305feafc\"><h1 class=\"uagb-heading-text\">nouvelles<\/h1><\/div>\n<\/div><\/div>\n\n\n\n<div class=\"wp-block-uagb-container uagb-block-9f48d784 alignfull uagb-is-root-container\"><div class=\"uagb-container-inner-blocks-wrap\">\n<div class=\"wp-block-uagb-container uagb-block-926f4a18\">\n<div class=\"wp-block-uagb-advanced-heading uagb-block-9b8e2eea\"><h2 class=\"uagb-heading-text\">Formulaires de demande d'information des utilisateurs<\/h2><\/div>\n\n\n\n<div class=\"wp-block-uagb-container uagb-block-24e29a46\">\n<div class=\"wp-block-uagb-container uagb-block-89aab38f\">\n<div class=\"wp-block-uagb-info-box uagb-block-369d614a uagb-infobox__content-wrap  uagb-infobox-icon-above-title uagb-infobox-image-valign-top\"><div class=\"uagb-ifb-content\"><div class=\"uagb-ifb-image-content\"><img decoding=\"async\" src=\"https:\/\/inverfin.ca\/wp-content\/uploads\/2024\/02\/canadian-t1-and-t4-tax-forms.jpeg\" alt=\"\" width=\"940\" height=\"529\" loading=\"lazy\"\/><\/div><div class=\"uagb-ifb-title-wrap\"><h4 class=\"uagb-ifb-title\">Liste de contr\u00f4le des documents \u00e0 soumettre pour la d\u00e9claration fiscale annuelle - PARTICULIERS.<br>(pas de soci\u00e9t\u00e9s ni d'ind\u00e9pendants)<\/h4><\/div><div class=\"uagb-ifb-button-wrapper wp-block-button\"><a href=\"https:\/\/drive.google.com\/file\/d\/1BzWqSO1sPgep4BMNaCNWXQb5Gjl66yw-\/view?usp=sharing\" class=\"uagb-infobox-cta-link wp-block-button__link\" target=\"_blank\" rel=\"noopener noreferrer\" onclick=\"return true;\" alt=\"\"><span class=\"uagb-inline-editing\">T\u00e9l\u00e9charger<\/span><svg xmlns=\"https:\/\/www.w3.org\/2000\/svg\" viewbox=\"0 0 320 512\"><path d=\"M9.375 329.4c12.51-12.51 32.76-12.49 45.25 0L128 402.8V32c0-17.69 14.31-32 32-32s32 14.31 32 32v370.8l73.38-73.38c12.5-12.5 32.75-12.5 45.25 0s12.5 32.75 0 45.25l-128 128c-12.5 12.5-32.75 12.5-45.25 0l-128-128C-3.125 362.1-3.125 341.9 9.375 329.4z\"><\/path><\/svg><\/a><\/div><\/div><\/div>\n<\/div>\n\n\n\n<div class=\"wp-block-uagb-container uagb-block-7b3d8581\">\n<div class=\"wp-block-uagb-container uagb-block-2e999105\"><\/div>\n<\/div>\n<\/div>\n<\/div>\n<\/div><\/div>\n\n\n\n<div class=\"wp-block-uagb-container uagb-block-56556d63 alignfull uagb-is-root-container\"><div class=\"uagb-container-inner-blocks-wrap\">\n<div class=\"wp-block-uagb-container uagb-block-25a86be4\">\n<div class=\"wp-block-uagb-advanced-heading uagb-block-107ffbac\"><h2 class=\"uagb-heading-text\">Cours<\/h2><\/div>\n\n\n\n<div class=\"wp-block-uagb-container uagb-block-78a8b62f\">\n<div class=\"wp-block-uagb-container uagb-block-bb753332\">\n<div class=\"wp-block-uagb-info-box uagb-block-a347c9f3 uagb-infobox__content-wrap  uagb-infobox-icon-above-title uagb-infobox-image-valign-top\"><div class=\"uagb-ifb-content\"><div class=\"uagb-ifb-image-content\"><img decoding=\"async\" src=\"https:\/\/inverfin.ca\/wp-content\/uploads\/2024\/02\/Picture1.png\" alt=\"\" width=\"547\" height=\"397\" loading=\"lazy\"\/><\/div><div class=\"uagb-ifb-title-wrap\"><h4 class=\"uagb-ifb-title\">La fiscalit\u00e9 au Canada<\/h4><\/div><p class=\"uagb-ifb-desc\">Au Canada, le syst\u00e8me fiscal est\u00a0<strong>progressif<\/strong>\u00a0o <strong>dipl\u00f4m\u00e9<\/strong>, Cela signifie que plus vous gagnez d'argent, plus vous payez d'imp\u00f4t sur le revenu. Le montant de l'imp\u00f4t sur le revenu est exprim\u00e9 en pourcentage et augmente progressivement.<\/p><div class=\"uagb-ifb-button-wrapper wp-block-button\"><a href=\"#\" class=\"uagb-infobox-cta-link wp-block-button__link\" target=\"_self\" rel=\"noopener noreferrer\" onclick=\"return false;\" alt=\"\"><span class=\"uagb-inline-editing\">Voir le cours complet<\/span><\/a><\/div><\/div><\/div>\n<\/div>\n\n\n\n<div class=\"wp-block-uagb-container uagb-block-235b712f\">\n<div class=\"wp-block-uagb-container uagb-block-5d5779c9\"><\/div>\n<\/div>\n<\/div>\n<\/div>\n<\/div><\/div>","protected":false},"excerpt":{"rendered":"<p>informatif Formulaires de demande d'information des utilisateurs Cours<\/p>","protected":false},"author":1,"featured_media":0,"parent":0,"menu_order":0,"comment_status":"closed","ping_status":"closed","template":"","meta":{"_uag_custom_page_level_css":"","site-sidebar-layout":"default","site-content-layout":"","ast-site-content-layout":"default","site-content-style":"default","site-sidebar-style":"default","ast-global-header-display":"","ast-banner-title-visibility":"","ast-main-header-display":"","ast-hfb-above-header-display":"","ast-hfb-below-header-display":"","ast-hfb-mobile-header-display":"","site-post-title":"","ast-breadcrumbs-content":"","ast-featured-img":"","footer-sml-layout":"","theme-transparent-header-meta":"","adv-header-id-meta":"","stick-header-meta":"","header-above-stick-meta":"","header-main-stick-meta":"","header-below-stick-meta":"","astra-migrate-meta-layouts":"set","ast-page-background-enabled":"default","ast-page-background-meta":{"desktop":{"background-color":"","background-image":"","background-repeat":"repeat","background-position":"center center","background-size":"auto","background-attachment":"scroll","background-type":"","background-media":"","overlay-type":"","overlay-color":"","overlay-gradient":""},"tablet":{"background-color":"","background-image":"","background-repeat":"repeat","background-position":"center center","background-size":"auto","background-attachment":"scroll","background-type":"","background-media":"","overlay-type":"","overlay-color":"","overlay-gradient":""},"mobile":{"background-color":"","background-image":"","background-repeat":"repeat","background-position":"center center","background-size":"auto","background-attachment":"scroll","background-type":"","background-media":"","overlay-type":"","overlay-color":"","overlay-gradient":""}},"ast-content-background-meta":{"desktop":{"background-color":"var(--ast-global-color-5)","background-image":"","background-repeat":"repeat","background-position":"center center","background-size":"auto","background-attachment":"scroll","background-type":"","background-media":"","overlay-type":"","overlay-color":"","overlay-gradient":""},"tablet":{"background-color":"var(--ast-global-color-5)","background-image":"","background-repeat":"repeat","background-position":"center center","background-size":"auto","background-attachment":"scroll","background-type":"","background-media":"","overlay-type":"","overlay-color":"","overlay-gradient":""},"mobile":{"background-color":"var(--ast-global-color-5)","background-image":"","background-repeat":"repeat","background-position":"center center","background-size":"auto","background-attachment":"scroll","background-type":"","background-media":"","overlay-type":"","overlay-color":"","overlay-gradient":""}},"footnotes":""},"class_list":["post-1111","page","type-page","status-publish","hentry"],"uagb_featured_image_src":{"full":false,"thumbnail":false,"medium":false,"medium_large":false,"large":false,"1536x1536":false,"2048x2048":false,"trp-custom-language-flag":false},"uagb_author_info":{"display_name":"Inverfin.Inc","author_link":"https:\/\/inverfin.ca\/fr\/author\/etogrqmy\/"},"uagb_comment_info":0,"uagb_excerpt":"informativo Formularios de consulta para el usuario Cursos","_links":{"self":[{"href":"https:\/\/inverfin.ca\/fr\/wp-json\/wp\/v2\/pages\/1111","targetHints":{"allow":["GET"]}}],"collection":[{"href":"https:\/\/inverfin.ca\/fr\/wp-json\/wp\/v2\/pages"}],"about":[{"href":"https:\/\/inverfin.ca\/fr\/wp-json\/wp\/v2\/types\/page"}],"author":[{"embeddable":true,"href":"https:\/\/inverfin.ca\/fr\/wp-json\/wp\/v2\/users\/1"}],"replies":[{"embeddable":true,"href":"https:\/\/inverfin.ca\/fr\/wp-json\/wp\/v2\/comments?post=1111"}],"version-history":[{"count":15,"href":"https:\/\/inverfin.ca\/fr\/wp-json\/wp\/v2\/pages\/1111\/revisions"}],"predecessor-version":[{"id":1156,"href":"https:\/\/inverfin.ca\/fr\/wp-json\/wp\/v2\/pages\/1111\/revisions\/1156"}],"wp:attachment":[{"href":"https:\/\/inverfin.ca\/fr\/wp-json\/wp\/v2\/media?parent=1111"}],"curies":[{"name":"wp","href":"https:\/\/api.w.org\/{rel}","templated":true}]}}